{"id":5688,"date":"2025-11-21T06:51:42","date_gmt":"2025-11-21T05:51:42","guid":{"rendered":"https:\/\/medikits.eu\/takk\/"},"modified":"2026-02-26T14:06:44","modified_gmt":"2026-02-26T13:06:44","slug":"takk","status":"publish","type":"page","link":"https:\/\/medikits.eu\/no\/takk\/","title":{"rendered":"Takk"},"content":{"rendered":"\t\t<div data-elementor-type=\"wp-page\" data-elementor-id=\"5688\" class=\"elementor elementor-5688 elementor-3693\" data-elementor-post-type=\"page\">\n\t\t\t\t<div class=\"elementor-element elementor-element-d2b79fe e-flex e-con-boxed e-con e-parent\" data-id=\"d2b79fe\" data-element_type=\"container\" data-e-type=\"container\" data-settings=\"{&quot;background_background&quot;:&quot;classic&quot;}\">\n\t\t\t\t\t<div class=\"e-con-inner\">\n\t\t<div class=\"elementor-element elementor-element-3d2d992 e-con-full e-flex e-con e-child\" data-id=\"3d2d992\" data-element_type=\"container\" data-e-type=\"container\">\n\t\t<div class=\"elementor-element elementor-element-4a85f14 e-con-full e-flex e-con e-child\" data-id=\"4a85f14\" data-element_type=\"container\" data-e-type=\"container\">\n\t\t\t\t<div class=\"elementor-element elementor-element-9d53085 elementor-view-default elementor-widget elementor-widget-icon\" data-id=\"9d53085\" data-element_type=\"widget\" data-e-type=\"widget\" data-widget_type=\"icon.default\">\n\t\t\t\t\t\t\t<div class=\"elementor-icon-wrapper\">\n\t\t\t<div class=\"elementor-icon\">\n\t\t\t<svg aria-hidden=\"true\" class=\"e-font-icon-svg e-fas-paper-plane\" viewBox=\"0 0 512 512\" xmlns=\"http:\/\/www.w3.org\/2000\/svg\"><path d=\"M476 3.2L12.5 270.6c-18.1 10.4-15.8 35.6 2.2 43.2L121 358.4l287.3-253.2c5.5-4.9 13.3 2.6 8.6 8.3L176 407v80.5c0 23.6 28.5 32.9 42.5 15.8L282 426l124.6 52.2c14.2 6 30.4-2.9 33-18.2l72-432C515 7.8 493.3-6.8 476 3.2z\"><\/path><\/svg>\t\t\t<\/div>\n\t\t<\/div>\n\t\t\t\t\t\t<\/div>\n\t\t\t\t<div class=\"elementor-element elementor-element-fd36fb1 elementor-widget elementor-widget-heading\" data-id=\"fd36fb1\" data-element_type=\"widget\" data-e-type=\"widget\" data-widget_type=\"heading.default\">\n\t\t\t\t\t<h2 class=\"elementor-heading-title elementor-size-default\">Takk for din foresp\u00f8rsel!<\/h2>\t\t\t\t<\/div>\n\t\t\t\t<div class=\"elementor-element elementor-element-2c1f4cd elementor-widget elementor-widget-text-editor\" data-id=\"2c1f4cd\" data-element_type=\"widget\" data-e-type=\"widget\" data-widget_type=\"text-editor.default\">\n\t\t\t\t\t\t\t\t\t<p style=\"text-align: center;\">V\u00e5rt team vil kontakte deg s\u00e5 snart som mulig.<\/p>\t\t\t\t\t\t\t\t<\/div>\n\t\t\t\t<\/div>\n\t\t\t\t<\/div>\n\t\t\t\t\t<\/div>\n\t\t\t\t<\/div>\n\t\t\t\t<\/div>\n\t\t","protected":false},"excerpt":{"rendered":"<p>Takk for din foresp\u00f8rsel! V\u00e5rt team vil kontakte deg s\u00e5 snart som mulig.<\/p>\n","protected":false},"author":1,"featured_media":0,"parent":0,"menu_order":0,"comment_status":"closed","ping_status":"closed","template":"","meta":{"footnotes":""},"class_list":["post-5688","page","type-page","status-publish","hentry"],"yoast_head":"<!-- This site is optimized with the Yoast SEO plugin v27.1.1 - https:\/\/yoast.com\/product\/yoast-seo-wordpress\/ -->\n<title>Takk | MediKits<\/title>\n<meta name=\"robots\" content=\"index, follow, max-snippet:-1, max-image-preview:large, max-video-preview:-1\" \/>\n<link rel=\"canonical\" href=\"https:\/\/medikits.eu\/no\/takk\/\" \/>\n<meta property=\"og:locale\" content=\"nb_NO\" \/>\n<meta property=\"og:type\" content=\"article\" \/>\n<meta property=\"og:title\" content=\"Takk | MediKits\" \/>\n<meta property=\"og:description\" content=\"Takk for din foresp\u00f8rsel! V\u00e5rt team vil kontakte deg s\u00e5 snart som mulig.\" \/>\n<meta property=\"og:url\" content=\"https:\/\/medikits.eu\/no\/takk\/\" \/>\n<meta property=\"og:site_name\" content=\"MediKits\" \/>\n<meta property=\"article:publisher\" content=\"https:\/\/www.facebook.com\/medikits.eu\" \/>\n<meta property=\"article:modified_time\" content=\"2026-02-26T13:06:44+00:00\" \/>\n<meta property=\"og:image\" content=\"https:\/\/medikits.eu\/wp-content\/uploads\/2025\/11\/Slimme-EHBO-oplossingen-voor-professionele-omgevingen.jpg\" \/>\n\t<meta property=\"og:image:width\" content=\"551\" \/>\n\t<meta property=\"og:image:height\" content=\"601\" \/>\n\t<meta property=\"og:image:type\" content=\"image\/jpeg\" \/>\n<meta name=\"twitter:card\" content=\"summary_large_image\" \/>\n<script type=\"application\/ld+json\" class=\"yoast-schema-graph\">{\"@context\":\"https:\/\/schema.org\",\"@graph\":[{\"@type\":\"WebPage\",\"@id\":\"https:\/\/medikits.eu\/no\/takk\/\",\"url\":\"https:\/\/medikits.eu\/no\/takk\/\",\"name\":\"Takk | MediKits\",\"isPartOf\":{\"@id\":\"https:\/\/medikits.eu\/no\/#website\"},\"datePublished\":\"2025-11-21T05:51:42+00:00\",\"dateModified\":\"2026-02-26T13:06:44+00:00\",\"breadcrumb\":{\"@id\":\"https:\/\/medikits.eu\/no\/takk\/#breadcrumb\"},\"inLanguage\":\"nb-NO\",\"potentialAction\":[{\"@type\":\"ReadAction\",\"target\":[\"https:\/\/medikits.eu\/no\/takk\/\"]}]},{\"@type\":\"BreadcrumbList\",\"@id\":\"https:\/\/medikits.eu\/no\/takk\/#breadcrumb\",\"itemListElement\":[{\"@type\":\"ListItem\",\"position\":1,\"name\":\"Home\",\"item\":\"https:\/\/medikits.eu\/no\/\"},{\"@type\":\"ListItem\",\"position\":2,\"name\":\"Takk\"}]},{\"@type\":\"WebSite\",\"@id\":\"https:\/\/medikits.eu\/no\/#website\",\"url\":\"https:\/\/medikits.eu\/no\/\",\"name\":\"MediKits\",\"description\":\"Smart First Aid\",\"publisher\":{\"@id\":\"https:\/\/medikits.eu\/no\/#organization\"},\"potentialAction\":[{\"@type\":\"SearchAction\",\"target\":{\"@type\":\"EntryPoint\",\"urlTemplate\":\"https:\/\/medikits.eu\/no\/?s={search_term_string}\"},\"query-input\":{\"@type\":\"PropertyValueSpecification\",\"valueRequired\":true,\"valueName\":\"search_term_string\"}}],\"inLanguage\":\"nb-NO\"},{\"@type\":\"Organization\",\"@id\":\"https:\/\/medikits.eu\/no\/#organization\",\"name\":\"MediKits\",\"url\":\"https:\/\/medikits.eu\/no\/\",\"logo\":{\"@type\":\"ImageObject\",\"inLanguage\":\"nb-NO\",\"@id\":\"https:\/\/medikits.eu\/no\/#\/schema\/logo\/image\/\",\"url\":\"https:\/\/medikits.eu\/wp-content\/uploads\/2025\/11\/hderlgo.png\",\"contentUrl\":\"https:\/\/medikits.eu\/wp-content\/uploads\/2025\/11\/hderlgo.png\",\"width\":263,\"height\":74,\"caption\":\"MediKits\"},\"image\":{\"@id\":\"https:\/\/medikits.eu\/no\/#\/schema\/logo\/image\/\"},\"sameAs\":[\"https:\/\/www.facebook.com\/medikits.eu\",\"https:\/\/www.linkedin.com\/company\/medikits-belgie\/\",\"https:\/\/www.instagram.com\/medikits.eu\"]}]}<\/script>\n<!-- \/ Yoast SEO plugin. -->","yoast_head_json":{"title":"Takk | MediKits","robots":{"index":"index","follow":"follow","max-snippet":"max-snippet:-1","max-image-preview":"max-image-preview:large","max-video-preview":"max-video-preview:-1"},"canonical":"https:\/\/medikits.eu\/no\/takk\/","og_locale":"nb_NO","og_type":"article","og_title":"Takk | MediKits","og_description":"Takk for din foresp\u00f8rsel! V\u00e5rt team vil kontakte deg s\u00e5 snart som mulig.","og_url":"https:\/\/medikits.eu\/no\/takk\/","og_site_name":"MediKits","article_publisher":"https:\/\/www.facebook.com\/medikits.eu","article_modified_time":"2026-02-26T13:06:44+00:00","og_image":[{"width":551,"height":601,"url":"https:\/\/medikits.eu\/wp-content\/uploads\/2025\/11\/Slimme-EHBO-oplossingen-voor-professionele-omgevingen.jpg","type":"image\/jpeg"}],"twitter_card":"summary_large_image","schema":{"@context":"https:\/\/schema.org","@graph":[{"@type":"WebPage","@id":"https:\/\/medikits.eu\/no\/takk\/","url":"https:\/\/medikits.eu\/no\/takk\/","name":"Takk | MediKits","isPartOf":{"@id":"https:\/\/medikits.eu\/no\/#website"},"datePublished":"2025-11-21T05:51:42+00:00","dateModified":"2026-02-26T13:06:44+00:00","breadcrumb":{"@id":"https:\/\/medikits.eu\/no\/takk\/#breadcrumb"},"inLanguage":"nb-NO","potentialAction":[{"@type":"ReadAction","target":["https:\/\/medikits.eu\/no\/takk\/"]}]},{"@type":"BreadcrumbList","@id":"https:\/\/medikits.eu\/no\/takk\/#breadcrumb","itemListElement":[{"@type":"ListItem","position":1,"name":"Home","item":"https:\/\/medikits.eu\/no\/"},{"@type":"ListItem","position":2,"name":"Takk"}]},{"@type":"WebSite","@id":"https:\/\/medikits.eu\/no\/#website","url":"https:\/\/medikits.eu\/no\/","name":"MediKits","description":"Smart First Aid","publisher":{"@id":"https:\/\/medikits.eu\/no\/#organization"},"potentialAction":[{"@type":"SearchAction","target":{"@type":"EntryPoint","urlTemplate":"https:\/\/medikits.eu\/no\/?s={search_term_string}"},"query-input":{"@type":"PropertyValueSpecification","valueRequired":true,"valueName":"search_term_string"}}],"inLanguage":"nb-NO"},{"@type":"Organization","@id":"https:\/\/medikits.eu\/no\/#organization","name":"MediKits","url":"https:\/\/medikits.eu\/no\/","logo":{"@type":"ImageObject","inLanguage":"nb-NO","@id":"https:\/\/medikits.eu\/no\/#\/schema\/logo\/image\/","url":"https:\/\/medikits.eu\/wp-content\/uploads\/2025\/11\/hderlgo.png","contentUrl":"https:\/\/medikits.eu\/wp-content\/uploads\/2025\/11\/hderlgo.png","width":263,"height":74,"caption":"MediKits"},"image":{"@id":"https:\/\/medikits.eu\/no\/#\/schema\/logo\/image\/"},"sameAs":["https:\/\/www.facebook.com\/medikits.eu","https:\/\/www.linkedin.com\/company\/medikits-belgie\/","https:\/\/www.instagram.com\/medikits.eu"]}]}},"_links":{"self":[{"href":"https:\/\/medikits.eu\/no\/wp-json\/wp\/v2\/pages\/5688","targetHints":{"allow":["GET"]}}],"collection":[{"href":"https:\/\/medikits.eu\/no\/wp-json\/wp\/v2\/pages"}],"about":[{"href":"https:\/\/medikits.eu\/no\/wp-json\/wp\/v2\/types\/page"}],"author":[{"embeddable":true,"href":"https:\/\/medikits.eu\/no\/wp-json\/wp\/v2\/users\/1"}],"replies":[{"embeddable":true,"href":"https:\/\/medikits.eu\/no\/wp-json\/wp\/v2\/comments?post=5688"}],"version-history":[{"count":1,"href":"https:\/\/medikits.eu\/no\/wp-json\/wp\/v2\/pages\/5688\/revisions"}],"predecessor-version":[{"id":5689,"href":"https:\/\/medikits.eu\/no\/wp-json\/wp\/v2\/pages\/5688\/revisions\/5689"}],"wp:attachment":[{"href":"https:\/\/medikits.eu\/no\/wp-json\/wp\/v2\/media?parent=5688"}],"curies":[{"name":"wp","href":"https:\/\/api.w.org\/{rel}","templated":true}]}}